{"id":1492,"date":"2022-03-04T03:44:30","date_gmt":"2022-03-04T03:44:30","guid":{"rendered":"https:\/\/www.e-digital.pe\/?page_id=1492"},"modified":"2023-05-06T15:44:03","modified_gmt":"2023-05-06T20:44:03","slug":"services","status":"publish","type":"page","link":"https:\/\/www.e-digital.pe\/?page_id=1492","title":{"rendered":"Servicios"},"content":{"rendered":"\n<div class=\"wp-block-uagb-container uagb-block-5a752175 alignfull uagb-is-root-container\"><div class=\"uagb-container-inner-blocks-wrap\">\n<div class=\"wp-block-uagb-info-box uagb-block-2c0d4c78 uagb-infobox__content-wrap  uagb-infobox-icon-above-title uagb-infobox-image-valign-top\"><div class=\"uagb-ifb-content\"><div class=\"uagb-ifb-title-wrap\"><span class=\"uagb-ifb-title-prefix\">Nuestros servicios<\/span><h4 class=\"uagb-ifb-title\">Proveemos un amplio rango de servicios en TI\u200b<\/h4><\/div><\/div><\/div>\n<\/div><\/div>\n\n\n\n<div class=\"wp-block-uagb-container uagb-block-71b1aced alignfull uagb-is-root-container\"><div class=\"uagb-container-inner-blocks-wrap\">\n<div class=\"wp-block-uagb-advanced-heading uagb-block-fcdfd8f0\"><h2 class=\"uagb-heading-text\">Qu\u00e9 haremos por ti\u200b<\/h2><p class=\"uagb-desc-text\">Generamos valor para tu negocio, entregando soluciones y servicios en el tiempo y costo estimados y con la calidad requerida.\u200b<\/p><\/div>\n\n\n\n<div class=\"wp-block-uagb-container uagb-block-ba67c4a6\">\n<div class=\"wp-block-uagb-container uagb-block-acf6078b\">\n<div class=\"wp-block-uagb-info-box uagb-block-165d963a uagb-infobox__content-wrap  uagb-infobox-icon-above-title uagb-infobox-image-valign-top\"><div class=\"uagb-ifb-content\"><div class=\"uagb-ifb-icon-wrap\"><svg xmlns=\"https:\/\/www.w3.org\/2000\/svg\" viewBox=\"0 0 640 512\"><path d=\"M0 383.9l64 .0404c17.75 0 32-14.29 32-32.03V128.3L0 128.3V383.9zM48 320.1c8.75 0 16 7.118 16 15.99c0 8.742-7.25 15.99-16 15.99S32 344.8 32 336.1C32 327.2 39.25 320.1 48 320.1zM348.8 64c-7.941 0-15.66 2.969-21.52 8.328L228.9 162.3C228.8 162.5 228.8 162.7 228.6 162.7C212 178.3 212.3 203.2 226.5 218.7c12.75 13.1 39.38 17.62 56.13 2.75C282.8 221.3 282.9 221.3 283 221.2l79.88-73.1c6.5-5.871 16.75-5.496 22.62 1c6 6.496 5.5 16.62-1 22.62l-26.12 23.87L504 313.7c2.875 2.496 5.5 4.996 7.875 7.742V127.1c-40.98-40.96-96.48-63.88-154.4-63.88L348.8 64zM334.6 217.4l-30 27.49c-29.75 27.11-75.25 24.49-101.8-4.371C176 211.2 178.1 165.7 207.3 138.9L289.1 64H282.5C224.7 64 169.1 87.08 128.2 127.9L128 351.8l18.25 .0369l90.5 81.82c27.5 22.37 67.75 18.12 90-9.246l18.12 15.24c15.88 12.1 39.38 10.5 52.38-5.371l31.38-38.6l5.374 4.498c13.75 11 33.88 9.002 45-4.748l9.538-11.78c11.12-13.75 9.036-33.78-4.694-44.93L334.6 217.4zM544 128.4v223.6c0 17.62 14.25 32.05 31.1 32.05L640 384V128.1L544 128.4zM592 352c-8.75 0-16-7.246-16-15.99c0-8.875 7.25-15.99 16-15.99S608 327.2 608 336.1C608 344.8 600.8 352 592 352z\"><\/path><\/svg><\/div><div class=\"uagb-ifb-title-wrap\"><h4 class=\"uagb-ifb-title\">Consultor\u00eda en TI<strong>\u200b<\/strong><\/h4><\/div><p class=\"uagb-ifb-desc\">Contamos con profesionales de amplia experiencia en Transformaci\u00f3n Digital, gesti\u00f3n de proyectos y servicios TI, planeamiento estrat\u00e9gico de TI.<\/p><\/div><\/div>\n<\/div>\n\n\n\n<div class=\"wp-block-uagb-container uagb-block-6e9c8d5d\">\n<div class=\"wp-block-uagb-info-box uagb-block-83cf636d uagb-infobox__content-wrap  uagb-infobox-icon-above-title uagb-infobox-image-valign-top\"><div class=\"uagb-ifb-content\"><div class=\"uagb-ifb-icon-wrap\"><svg xmlns=\"https:\/\/www.w3.org\/2000\/svg\" viewBox=\"0 0 640 512\"><path d=\"M128 96h384v256h64V80C576 53.63 554.4 32 528 32h-416C85.63 32 64 53.63 64 80V352h64V96zM624 384h-608C7.25 384 0 391.3 0 400V416c0 35.25 28.75 64 64 64h512c35.25 0 64-28.75 64-64v-16C640 391.3 632.8 384 624 384zM365.9 286.2C369.8 290.1 374.9 292 380 292s10.23-1.938 14.14-5.844l48-48c7.812-7.813 7.812-20.5 0-28.31l-48-48c-7.812-7.813-20.47-7.813-28.28 0c-7.812 7.813-7.812 20.5 0 28.31l33.86 33.84l-33.86 33.84C358 265.7 358 278.4 365.9 286.2zM274.1 161.9c-7.812-7.813-20.47-7.813-28.28 0l-48 48c-7.812 7.813-7.812 20.5 0 28.31l48 48C249.8 290.1 254.9 292 260 292s10.23-1.938 14.14-5.844c7.812-7.813 7.812-20.5 0-28.31L240.3 224l33.86-33.84C281.1 182.4 281.1 169.7 274.1 161.9z\"><\/path><\/svg><\/div><div class=\"uagb-ifb-title-wrap\"><h4 class=\"uagb-ifb-title\"><strong><strong>Desarrollo de software\u200b<\/strong><\/strong><\/h4><\/div><p class=\"uagb-ifb-desc\">Somos especialistas en desarrollo de soluciones web y aplicaciones m\u00f3viles para Android, iPhone. Implementaci\u00f3n de soluciones de Business Intelligence\u200b.\u200b<\/p><\/div><\/div>\n<\/div>\n\n\n\n<div class=\"wp-block-uagb-container uagb-block-83256e98\">\n<div class=\"wp-block-uagb-info-box uagb-block-8bc55763 uagb-infobox__content-wrap  uagb-infobox-icon-above-title uagb-infobox-image-valign-top\"><div class=\"uagb-ifb-content\"><div class=\"uagb-ifb-icon-wrap\"><svg xmlns=\"https:\/\/www.w3.org\/2000\/svg\" viewBox=\"0 0 640 512\"><path d=\"M400 32C426.5 32 448 53.49 448 80V336C448 362.5 426.5 384 400 384H266.7L277.3 416H352C369.7 416 384 430.3 384 448C384 465.7 369.7 480 352 480H96C78.33 480 64 465.7 64 448C64 430.3 78.33 416 96 416H170.7L181.3 384H48C21.49 384 0 362.5 0 336V80C0 53.49 21.49 32 48 32H400zM64 96V320H384V96H64zM592 32C618.5 32 640 53.49 640 80V432C640 458.5 618.5 480 592 480H528C501.5 480 480 458.5 480 432V80C480 53.49 501.5 32 528 32H592zM544 96C535.2 96 528 103.2 528 112C528 120.8 535.2 128 544 128H576C584.8 128 592 120.8 592 112C592 103.2 584.8 96 576 96H544zM544 192H576C584.8 192 592 184.8 592 176C592 167.2 584.8 160 576 160H544C535.2 160 528 167.2 528 176C528 184.8 535.2 192 544 192zM560 400C577.7 400 592 385.7 592 368C592 350.3 577.7 336 560 336C542.3 336 528 350.3 528 368C528 385.7 542.3 400 560 400z\"><\/path><\/svg><\/div><div class=\"uagb-ifb-title-wrap\"><h4 class=\"uagb-ifb-title\">Infraestructura\u200b\u200b<\/h4><\/div><p class=\"uagb-ifb-desc\">Podemos proveerte de equipos de c\u00f3mputo y de oficina, networking y servidores, as\u00ed como la Instalaci\u00f3n de redes y cableado estructurado.\u200b<\/p><\/div><\/div>\n<\/div>\n<\/div>\n\n\n\n<div class=\"wp-block-uagb-container uagb-block-bf4c657d\">\n<div class=\"wp-block-uagb-container uagb-block-1a260d2f\">\n<div class=\"wp-block-uagb-info-box uagb-block-8563422d uagb-infobox__content-wrap  uagb-infobox-icon-above-title uagb-infobox-image-valign-top\"><div class=\"uagb-ifb-content\"><div class=\"uagb-ifb-icon-wrap\"><svg xmlns=\"https:\/\/www.w3.org\/2000\/svg\" viewBox=\"0 0 640 512\"><path d=\"M623.1 136.9l-282.7-101.2c-13.73-4.91-28.7-4.91-42.43 0L16.05 136.9C6.438 140.4 0 149.6 0 160s6.438 19.65 16.05 23.09L76.07 204.6c-11.89 15.8-20.26 34.16-24.55 53.95C40.05 263.4 32 274.8 32 288c0 9.953 4.814 18.49 11.94 24.36l-24.83 149C17.48 471.1 25 480 34.89 480H93.11c9.887 0 17.41-8.879 15.78-18.63l-24.83-149C91.19 306.5 96 297.1 96 288c0-10.29-5.174-19.03-12.72-24.89c4.252-17.76 12.88-33.82 24.94-47.03l190.6 68.23c13.73 4.91 28.7 4.91 42.43 0l282.7-101.2C633.6 179.6 640 170.4 640 160S633.6 140.4 623.1 136.9zM351.1 314.4C341.7 318.1 330.9 320 320 320c-10.92 0-21.69-1.867-32-5.555L142.8 262.5L128 405.3C128 446.6 213.1 480 320 480c105.1 0 192-33.4 192-74.67l-14.78-142.9L351.1 314.4z\"><\/path><\/svg><\/div><div class=\"uagb-ifb-title-wrap\"><h4 class=\"uagb-ifb-title\">Capacitaciones in house<strong><strong>\u200b<\/strong>\u200b<\/strong><\/h4><\/div><p class=\"uagb-ifb-desc\">Ofrecemos servicios de capacitaci\u00f3n in house de acuerdo a tus necesidades: gesti\u00f3n de proyectos y servicios TI, direcci\u00f3n de proyectos, entre otros.\u200b<\/p><\/div><\/div>\n<\/div>\n\n\n\n<div class=\"wp-block-uagb-container uagb-block-5db517e2\">\n<div class=\"wp-block-uagb-info-box uagb-block-9ab6938e uagb-infobox__content-wrap  uagb-infobox-icon-above-title uagb-infobox-image-valign-top\"><div class=\"uagb-ifb-content\"><div class=\"uagb-ifb-icon-wrap\"><svg xmlns=\"https:\/\/www.w3.org\/2000\/svg\" viewBox=\"0 0 448 512\"><path d=\"M384 .0001H64c-35.35 0-64 28.65-64 64v384c0 35.35 28.65 63.1 64 63.1h320c35.35 0 64-28.65 64-63.1v-384C448 28.65 419.3 .0001 384 .0001zM224 480c-17.75 0-32-14.25-32-32s14.25-32 32-32s32 14.25 32 32S241.8 480 224 480zM384 384H64v-320h320V384z\"><\/path><\/svg><\/div><div class=\"uagb-ifb-title-wrap\"><h4 class=\"uagb-ifb-title\">Soluciones digitales<strong><strong><strong>\u200b<\/strong>\u200b<\/strong><\/strong><\/h4><\/div><p class=\"uagb-ifb-desc\">Tenemos un portafolio de soluciones digitales para diversos tipos de negocio que se pueden implementar a muy corto plazo.\u200b<\/p><\/div><\/div>\n<\/div>\n\n\n\n<div class=\"wp-block-uagb-container uagb-block-5f0e632a\">\n<div class=\"wp-block-uagb-info-box uagb-block-1811ab8e uagb-infobox__content-wrap  uagb-infobox-icon-above-title uagb-infobox-image-valign-top\"><div class=\"uagb-ifb-content\"><div class=\"uagb-ifb-icon-wrap\"><svg xmlns=\"https:\/\/www.w3.org\/2000\/svg\" viewBox=\"0 0 640 512\"><path d=\"M360 72C360 94.09 342.1 112 320 112C297.9 112 280 94.09 280 72C280 49.91 297.9 32 320 32C342.1 32 360 49.91 360 72zM104 168C104 145.9 121.9 128 144 128C166.1 128 184 145.9 184 168C184 190.1 166.1 208 144 208C121.9 208 104 190.1 104 168zM608 416C625.7 416 640 430.3 640 448C640 465.7 625.7 480 608 480H32C14.33 480 0 465.7 0 448C0 430.3 14.33 416 32 416H608zM456 168C456 145.9 473.9 128 496 128C518.1 128 536 145.9 536 168C536 190.1 518.1 208 496 208C473.9 208 456 190.1 456 168zM200 352C200 369.7 185.7 384 168 384H120C102.3 384 88 369.7 88 352V313.5L61.13 363.4C54.85 375 40.29 379.4 28.62 373.1C16.95 366.8 12.58 352.3 18.87 340.6L56.75 270.3C72.09 241.8 101.9 224 134.2 224H153.8C170.1 224 185.7 228.5 199.2 236.6L232.7 174.3C248.1 145.8 277.9 128 310.2 128H329.8C362.1 128 391.9 145.8 407.3 174.3L440.8 236.6C454.3 228.5 469.9 224 486.2 224H505.8C538.1 224 567.9 241.8 583.3 270.3L621.1 340.6C627.4 352.3 623 366.8 611.4 373.1C599.7 379.4 585.2 375 578.9 363.4L552 313.5V352C552 369.7 537.7 384 520 384H472C454.3 384 440 369.7 440 352V313.5L413.1 363.4C406.8 375 392.3 379.4 380.6 373.1C368.1 366.8 364.6 352.3 370.9 340.6L407.2 273.1C405.5 271.5 404 269.6 402.9 267.4L376 217.5V272C376 289.7 361.7 304 344 304H295.1C278.3 304 263.1 289.7 263.1 272V217.5L237.1 267.4C235.1 269.6 234.5 271.5 232.8 273.1L269.1 340.6C275.4 352.3 271 366.8 259.4 373.1C247.7 379.4 233.2 375 226.9 363.4L199.1 313.5L200 352z\"><\/path><\/svg><\/div><div class=\"uagb-ifb-title-wrap\"><h4 class=\"uagb-ifb-title\"><strong>Staff augmentation\u200b<\/strong>\u200b\u200b<\/h4><\/div><p class=\"uagb-ifb-desc\">Contamos con capital humano para que se incorpore a su organizaci\u00f3n para proyectos inmediatos, acortando el tiempo del proceso de selecci\u00f3n.\u200b<\/p><\/div><\/div>\n<\/div>\n<\/div>\n<\/div><\/div>\n\n\n\n<div class=\"wp-block-uagb-container uagb-block-ba6e63bd alignfull uagb-is-root-container\"><div class=\"uagb-container-inner-blocks-wrap\">\n<div class=\"wp-block-uagb-advanced-heading uagb-block-f1c22fb6\"><h2 class=\"uagb-heading-text\">Nuestros clientes\u200b<\/h2><\/div>\n<\/div><\/div>\n\n\n\n<div class=\"wp-block-uagb-container uagb-block-5c5c5057 alignfull uagb-is-root-container\"><div class=\"uagb-container-inner-blocks-wrap\">\n<div class=\"wp-block-uagb-container uagb-block-6f98e29d\">\n<div class=\"wp-block-uagb-image aligncenter uagb-block-4eb18f89 wp-block-uagb-image--layout-default wp-block-uagb-image--effect-static wp-block-uagb-image--align-center\"><figure class=\"wp-block-uagb-image__figure\"><img decoding=\"async\" srcset=\"https:\/\/www.e-digital.pe\/wp-content\/uploads\/2023\/05\/angloamerican.png , https:\/\/www.e-digital.pe\/wp-content\/uploads\/2021\/03\/logo-5.svg 360w\" sizes=\"auto, (max-width: 480px) 150px\" src=\"https:\/\/www.e-digital.pe\/wp-content\/uploads\/2023\/05\/angloamerican.png\" alt=\"\" class=\"uag-image-2443\" width=\"160\" height=\"160\" title=\"\" loading=\"lazy\"\/><\/figure><\/div>\n<\/div>\n\n\n\n<div class=\"wp-block-uagb-container uagb-block-8dec5626\">\n<div class=\"wp-block-uagb-image aligncenter uagb-block-68ddafb7 wp-block-uagb-image--layout-default wp-block-uagb-image--effect-static wp-block-uagb-image--align-center\"><figure class=\"wp-block-uagb-image__figure\"><img decoding=\"async\" srcset=\"https:\/\/www.e-digital.pe\/wp-content\/uploads\/2023\/05\/Advance_Logo_50_v3.jpg , https:\/\/www.e-digital.pe\/wp-content\/uploads\/2021\/03\/logo-3.svg 360w\" sizes=\"auto, (max-width: 480px) 150px\" src=\"https:\/\/www.e-digital.pe\/wp-content\/uploads\/2023\/05\/Advance_Logo_50_v3.jpg\" alt=\"\" class=\"uag-image-2449\" width=\"160\" height=\"160\" title=\"\" loading=\"lazy\"\/><\/figure><\/div>\n<\/div>\n\n\n\n<div class=\"wp-block-uagb-container uagb-block-7d088976\">\n<div class=\"wp-block-uagb-image aligncenter uagb-block-84578a15 wp-block-uagb-image--layout-default wp-block-uagb-image--effect-static wp-block-uagb-image--align-center\"><figure class=\"wp-block-uagb-image__figure\"><img decoding=\"async\" srcset=\"https:\/\/www.e-digital.pe\/wp-content\/uploads\/2023\/05\/identibio.png , https:\/\/www.e-digital.pe\/wp-content\/uploads\/2021\/03\/logo-4.svg 360w\" sizes=\"auto, (max-width: 480px) 150px\" src=\"https:\/\/www.e-digital.pe\/wp-content\/uploads\/2023\/05\/identibio.png\" alt=\"\" class=\"uag-image-2445\" width=\"160\" height=\"160\" title=\"\" loading=\"lazy\"\/><\/figure><\/div>\n<\/div>\n\n\n\n<div class=\"wp-block-uagb-container uagb-block-63377f54\">\n<div class=\"wp-block-uagb-image aligncenter uagb-block-ea4e6945 wp-block-uagb-image--layout-default wp-block-uagb-image--effect-static wp-block-uagb-image--align-center\"><figure class=\"wp-block-uagb-image__figure\"><img decoding=\"async\" srcset=\"https:\/\/www.e-digital.pe\/wp-content\/uploads\/2023\/05\/jovenes.png , https:\/\/www.e-digital.pe\/wp-content\/uploads\/2021\/03\/logo-2.svg 360w\" sizes=\"auto, (max-width: 480px) 150px\" src=\"https:\/\/www.e-digital.pe\/wp-content\/uploads\/2023\/05\/jovenes.png\" alt=\"\" class=\"uag-image-2446\" width=\"160\" height=\"160\" title=\"\" loading=\"lazy\"\/><\/figure><\/div>\n<\/div>\n<\/div><\/div>\n\n\n\n<div class=\"wp-block-uagb-container uag-hide-desktop uag-hide-tab uag-hide-mob uagb-block-24fea5a8 alignfull uagb-is-root-container\"><div class=\"uagb-container-inner-blocks-wrap\">\n<div class=\"wp-block-uagb-advanced-heading uagb-block-e15bc268\"><h3 class=\"uagb-heading-text\">\u00abAmazing Designs and Quality Work!\u00bb\u200b<\/h3><p class=\"uagb-desc-text\">Nam at congue diam. Etiam erat lectus, finibus eget commodo quis, tincidunt eget leo. Nullam quis vulputate orci, ac accumsan quam. Morbi fringilla congue libero, ac malesuada vulputate pharetra.\u200b<\/p><\/div>\n\n\n\n<div class=\"wp-block-uagb-info-box uagb-block-17ba70dd uagb-infobox__content-wrap  uagb-infobox-icon-above-title uagb-infobox-image-valign-top\"><div class=\"uagb-ifb-content\"><div class=\"uagb-ifb-image-content\"><img decoding=\"async\" src=\"https:\/\/www.e-digital.pe\/wp-content\/uploads\/2020\/08\/testimonial.jpg\" alt=\"\" width=\"60\" height=\"60\" loading=\"lazy\"\/><\/div><div class=\"uagb-ifb-title-wrap\"><h3 class=\"uagb-ifb-title\"><strong>John Doe\u200b<\/strong><\/h3><\/div><p class=\"uagb-ifb-desc\">CEO, ACME INC.\u200b<\/p><\/div><\/div>\n<\/div><\/div>\n\n\n\n<div class=\"wp-block-uagb-container uagb-block-bfc13b71 alignfull uagb-is-root-container\"><div class=\"uagb-container-inner-blocks-wrap\">\n<div class=\"wp-block-uagb-container uagb-block-3df5fd2a\">\n<div class=\"wp-block-uagb-container uagb-block-ed9a5005\">\n<div class=\"wp-block-uagb-advanced-heading uagb-block-4269f1b2\"><h3 class=\"uagb-heading-text\">Quieres iniciar un nuevo proyecto?\u200b<\/h3><p class=\"uagb-desc-text\">Ponemos a tu disposici\u00f3n nuestra expertise y profesionalismo para ayudarte a superar tus retos de negocio. Te visitamos sin compromiso para conocer tu requerimiento.<\/p><\/div>\n<\/div>\n\n\n\n<div class=\"wp-block-uagb-container uagb-block-b0376d76\">\n<div class=\"wp-block-uagb-buttons uagb-buttons__outer-wrap uagb-btn__default-btn uagb-btn-tablet__default-btn uagb-btn-mobile__default-btn uagb-block-38eea775\"><div class=\"uagb-buttons__wrap uagb-buttons-layout-wrap\">\n<div class=\"wp-block-uagb-buttons-child uagb-buttons__outer-wrap uagb-block-df76b950 wp-block-button\"><div class=\"uagb-button__wrapper\"><a class=\"uagb-buttons-repeater wp-block-button__link\" href=\"#\" onclick=\"return false;\" rel=\"follow noopener\" target=\"_self\"><div class=\"uagb-button__link\">+51-959-070-548<\/div><\/a><\/div><\/div>\n<\/div><\/div>\n<\/div>\n<\/div>\n<\/div><\/div>\n","protected":false},"excerpt":{"rendered":"<p>Qu\u00e9 haremos por ti\u200b Generamos valor para tu negocio, entregando soluciones y servicios en el tiempo y costo estimados y con la calidad requerida.\u200b Nuestros clientes\u200b \u00abAmazing Designs and Quality Work!\u00bb\u200b Nam at congue diam. Etiam erat lectus, finibus eget commodo quis, tincidunt eget leo. Nullam quis vulputate orci, ac accumsan quam. Morbi fringilla congue [&hellip;]<\/p>\n","protected":false},"author":1,"featured_media":0,"parent":0,"menu_order":0,"comment_status":"closed","ping_status":"closed","template":"","meta":{"_uag_custom_page_level_css":"","site-sidebar-layout":"no-sidebar","site-content-layout":"page-builder","ast-site-content-layout":"default","site-content-style":"default","site-sidebar-style":"default","ast-global-header-display":"","ast-banner-title-visibility":"","ast-main-header-display":"","ast-hfb-above-header-display":"","ast-hfb-below-header-display":"","ast-hfb-mobile-header-display":"","site-post-title":"disabled","ast-breadcrumbs-content":"","ast-featured-img":"disabled","footer-sml-layout":"","ast-disable-related-posts":"","theme-transparent-header-meta":"disabled","adv-header-id-meta":"","stick-header-meta":"","header-above-stick-meta":"","header-main-stick-meta":"","header-below-stick-meta":"","astra-migrate-meta-layouts":"default","ast-page-background-enabled":"default","ast-page-background-meta":{"desktop":{"background-color":"var(--ast-global-color-4)","background-image":"","background-repeat":"repeat","background-position":"center center","background-size":"auto","background-attachment":"scroll","background-type":"","background-media":"","overlay-type":"","overlay-color":"","overlay-opacity":"","overlay-gradient":""},"tablet":{"background-color":"","background-image":"","background-repeat":"repeat","background-position":"center center","background-size":"auto","background-attachment":"scroll","background-type":"","background-media":"","overlay-type":"","overlay-color":"","overlay-opacity":"","overlay-gradient":""},"mobile":{"background-color":"","background-image":"","background-repeat":"repeat","background-position":"center center","background-size":"auto","background-attachment":"scroll","background-type":"","background-media":"","overlay-type":"","overlay-color":"","overlay-opacity":"","overlay-gradient":""}},"ast-content-background-meta":{"desktop":{"background-color":"var(--ast-global-color-5)","background-image":"","background-repeat":"repeat","background-position":"center center","background-size":"auto","background-attachment":"scroll","background-type":"","background-media":"","overlay-type":"","overlay-color":"","overlay-opacity":"","overlay-gradient":""},"tablet":{"background-color":"var(--ast-global-color-5)","background-image":"","background-repeat":"repeat","background-position":"center center","background-size":"auto","background-attachment":"scroll","background-type":"","background-media":"","overlay-type":"","overlay-color":"","overlay-opacity":"","overlay-gradient":""},"mobile":{"background-color":"var(--ast-global-color-5)","background-image":"","background-repeat":"repeat","background-position":"center center","background-size":"auto","background-attachment":"scroll","background-type":"","background-media":"","overlay-type":"","overlay-color":"","overlay-opacity":"","overlay-gradient":""}},"footnotes":""},"class_list":["post-1492","page","type-page","status-publish","hentry"],"uagb_featured_image_src":{"full":false,"thumbnail":false,"medium":false,"medium_large":false,"large":false,"1536x1536":false,"2048x2048":false},"uagb_author_info":{"display_name":"admin","author_link":"https:\/\/www.e-digital.pe\/?author=1"},"uagb_comment_info":0,"uagb_excerpt":"Qu\u00e9 haremos por ti\u200b Generamos valor para tu negocio, entregando soluciones y servicios en el tiempo y costo estimados y con la calidad requerida.\u200b Nuestros clientes\u200b \u00abAmazing Designs and Quality Work!\u00bb\u200b Nam at congue diam. Etiam erat lectus, finibus eget commodo quis, tincidunt eget leo. Nullam quis vulputate orci, ac accumsan quam. Morbi fringilla congue&hellip;","_links":{"self":[{"href":"https:\/\/www.e-digital.pe\/index.php?rest_route=\/wp\/v2\/pages\/1492","targetHints":{"allow":["GET"]}}],"collection":[{"href":"https:\/\/www.e-digital.pe\/index.php?rest_route=\/wp\/v2\/pages"}],"about":[{"href":"https:\/\/www.e-digital.pe\/index.php?rest_route=\/wp\/v2\/types\/page"}],"author":[{"embeddable":true,"href":"https:\/\/www.e-digital.pe\/index.php?rest_route=\/wp\/v2\/users\/1"}],"replies":[{"embeddable":true,"href":"https:\/\/www.e-digital.pe\/index.php?rest_route=%2Fwp%2Fv2%2Fcomments&post=1492"}],"version-history":[{"count":9,"href":"https:\/\/www.e-digital.pe\/index.php?rest_route=\/wp\/v2\/pages\/1492\/revisions"}],"predecessor-version":[{"id":2509,"href":"https:\/\/www.e-digital.pe\/index.php?rest_route=\/wp\/v2\/pages\/1492\/revisions\/2509"}],"wp:attachment":[{"href":"https:\/\/www.e-digital.pe\/index.php?rest_route=%2Fwp%2Fv2%2Fmedia&parent=1492"}],"curies":[{"name":"wp","href":"https:\/\/api.w.org\/{rel}","templated":true}]}}